{"id":448,"date":"2015-09-23T20:51:38","date_gmt":"2015-09-23T18:51:38","guid":{"rendered":"http:\/\/www.cedronskybeh.sk\/?page_id=448"},"modified":"2020-09-17T04:52:58","modified_gmt":"2020-09-17T02:52:58","slug":"registracia","status":"publish","type":"page","link":"http:\/\/www.cedronskybeh.sk\/?page_id=448","title":{"rendered":"Registr\u00e1cia"},"content":{"rendered":"\n<p><\/p>\n\n\n<p>Online registr\u00e1cia na Cedronsk\u00fd beh 2020 bola ukon\u010den\u00e1.<\/p>\n<p>Registrova\u0165 sa d\u00e1 e\u0161te osobne v de\u0148 konania behu od 10:30 hod..<\/p>\n<p>&nbsp;<\/p>\n\n\n<p><\/p>\n","protected":false},"excerpt":{"rendered":"<p>Online registr\u00e1cia na Cedronsk\u00fd beh 2020 bola ukon\u010den\u00e1. Registrova\u0165 sa d\u00e1 e\u0161te osobne v de\u0148 konania behu od 10:30 hod.. &nbsp;<\/p>\n","protected":false},"author":1,"featured_media":0,"parent":0,"menu_order":0,"comment_status":"closed","ping_status":"open","template":"","meta":{"footnotes":""},"class_list":["post-448","page","type-page","status-publish","hentry"],"_links":{"self":[{"href":"http:\/\/www.cedronskybeh.sk\/index.php?rest_route=\/wp\/v2\/pages\/448","targetHints":{"allow":["GET"]}}],"collection":[{"href":"http:\/\/www.cedronskybeh.sk\/index.php?rest_route=\/wp\/v2\/pages"}],"about":[{"href":"http:\/\/www.cedronskybeh.sk\/index.php?rest_route=\/wp\/v2\/types\/page"}],"author":[{"embeddable":true,"href":"http:\/\/www.cedronskybeh.sk\/index.php?rest_route=\/wp\/v2\/users\/1"}],"replies":[{"embeddable":true,"href":"http:\/\/www.cedronskybeh.sk\/index.php?rest_route=%2Fwp%2Fv2%2Fcomments&post=448"}],"version-history":[{"count":15,"href":"http:\/\/www.cedronskybeh.sk\/index.php?rest_route=\/wp\/v2\/pages\/448\/revisions"}],"predecessor-version":[{"id":6092,"href":"http:\/\/www.cedronskybeh.sk\/index.php?rest_route=\/wp\/v2\/pages\/448\/revisions\/6092"}],"wp:attachment":[{"href":"http:\/\/www.cedronskybeh.sk\/index.php?rest_route=%2Fwp%2Fv2%2Fmedia&parent=448"}],"curies":[{"name":"wp","href":"https:\/\/api.w.org\/{rel}","templated":true}]}}