{"id":5,"date":"2013-07-22T12:17:43","date_gmt":"2013-07-22T10:17:43","guid":{"rendered":"http:\/\/www.cedronskybeh.sk\/?page_id=5"},"modified":"2024-09-26T20:35:37","modified_gmt":"2024-09-26T18:35:37","slug":"cedronsky-beh-2013","status":"publish","type":"page","link":"https:\/\/www.cedronskybeh.sk\/","title":{"rendered":"Cedronsk\u00fd beh"},"content":{"rendered":"<h2 style=\"text-align: center;\"><a href=\"http:\/\/www.cedronskybeh.sk\/wp-content\/uploads\/2024\/09\/VysledkyCB2024.pdf\" target=\"_blank\" rel=\"noopener\">V\u00fdsledky Cedronsk\u00e9ho behu 2024<\/a><\/h2>\n<h2 style=\"text-align: center;\"><a href=\"https:\/\/photos.app.goo.gl\/XV9SjJ3z4TXTEjdg7\" target=\"_blank\" rel=\"noopener\">Fotogal\u00e9ria Cedronsk\u00e9ho behu 2024<\/a><\/h2>\n\n\n<p><\/p>\n\n\n\n<p><\/p>\n","protected":false},"excerpt":{"rendered":"<p>V\u00fdsledky Cedronsk\u00e9ho behu 2024 Fotogal\u00e9ria Cedronsk\u00e9ho behu 2024<\/p>\n","protected":false},"author":1,"featured_media":0,"parent":0,"menu_order":0,"comment_status":"closed","ping_status":"open","template":"","meta":{"footnotes":""},"class_list":["post-5","page","type-page","status-publish","hentry"],"_links":{"self":[{"href":"https:\/\/www.cedronskybeh.sk\/index.php?rest_route=\/wp\/v2\/pages\/5","targetHints":{"allow":["GET"]}}],"collection":[{"href":"https:\/\/www.cedronskybeh.sk\/index.php?rest_route=\/wp\/v2\/pages"}],"about":[{"href":"https:\/\/www.cedronskybeh.sk\/index.php?rest_route=\/wp\/v2\/types\/page"}],"author":[{"embeddable":true,"href":"https:\/\/www.cedronskybeh.sk\/index.php?rest_route=\/wp\/v2\/users\/1"}],"replies":[{"embeddable":true,"href":"https:\/\/www.cedronskybeh.sk\/index.php?rest_route=%2Fwp%2Fv2%2Fcomments&post=5"}],"version-history":[{"count":247,"href":"https:\/\/www.cedronskybeh.sk\/index.php?rest_route=\/wp\/v2\/pages\/5\/revisions"}],"predecessor-version":[{"id":6293,"href":"https:\/\/www.cedronskybeh.sk\/index.php?rest_route=\/wp\/v2\/pages\/5\/revisions\/6293"}],"wp:attachment":[{"href":"https:\/\/www.cedronskybeh.sk\/index.php?rest_route=%2Fwp%2Fv2%2Fmedia&parent=5"}],"curies":[{"name":"wp","href":"https:\/\/api.w.org\/{rel}","templated":true}]}}